{"id":1138,"date":"2025-07-10T21:00:40","date_gmt":"2025-07-10T21:00:40","guid":{"rendered":"http:\/\/lesptitespattesnantaises.fr\/?page_id=1138"},"modified":"2025-09-29T18:09:49","modified_gmt":"2025-09-29T18:09:49","slug":"accueil","status":"publish","type":"page","link":"https:\/\/lesptitespattesnantaises.fr\/","title":{"rendered":"Accueil"},"content":{"rendered":"<p data-start=\"1128\" data-end=\"1392\">\n<p data-start=\"1128\" data-end=\"1392\"><strong data-start=\"1128\" data-end=\"1174\">Bienvenue sur Les P\u2019tites Pattes Nantaises<\/strong><br data-start=\"1174\" data-end=\"1177\" \/>Passionn\u00e9e d\u2019animaux et bas\u00e9e \u00e0 Nantes, je propose des services de garde et de promenade pour vos chiens et chats. Bienveillance, respect du rythme de chaque animal et communication sont au c\u0153ur de mon approche.<\/p>\n<p data-start=\"1399\" data-end=\"1475\">\ud83d\udc3e Garde \u00e0 domicile<br data-start=\"1418\" data-end=\"1421\" \/>\ud83d\udc3e Visites \u00e0 domicile<br data-start=\"1444\" data-end=\"1447\" \/>\ud83d\udc3e Promenades sur-mesure<\/p>\n<p>Je suis votre petsitter passionn\u00e9e \u00e0 Nantes et ses alentours, enti\u00e8rement d\u00e9vou\u00e9e au bien-\u00eatre de vos compagnons \u00e0 quatre pattes \ud83d\udc36\ud83d\udc31 . Pour moi, m\u2019occuper de vos animaux n\u2019est pas un simple travail, c\u2019est une v\u00e9ritable passion \u2764\ufe0f . Je m\u2019en occupe avec la m\u00eame attention, le m\u00eame respect et la m\u00eame affection que j\u2019aimerais qu\u2019on apporte \u00e0 mon propre chat \ud83d\ude3b .<\/p>\n<p>D\u2019ailleurs, \u00e9tant l\u2019heureuse propri\u00e9taire d\u2019un chat de 14 ans, je comprends parfaitement l\u2019importance immense que nos animaux ont dans nos vies. Ils sont bien plus que des compagnons ; ils sont des membres \u00e0 part enti\u00e8re de nos familles \ud83d\udc68 \ud83d\udc69 \ud83d\udc67 \ud83d\udc66 . C\u2019est pourquoi je m\u2019engage \u00e0 leur offrir tout le confort et le bonheur en votre absence.<\/p>\n<p>Que vous ayez besoin d\u2019une <b>visite de chat<\/b> \ud83d\udc08 r\u00e9confortante \u00e0 domicile, d\u2019une <b>promenade de chien<\/b> \ud83d\udc15 tranquille ou \u00e9nergisante , ou d\u2019un service de garde d\u2019animaux plus complet, je suis l\u00e0 pour r\u00e9pondre \u00e0 vos besoins.<\/p>\n<p>&nbsp;<\/p>\n<h3>Un service sur mesure pour le bonheur de vos compagnons \u2728<\/h3>\n<p>&nbsp;<\/p>\n<p>J\u2019offre des prestations de <b>visites et balades<\/b> flexibles, que ce soit de mani\u00e8re <b>ponctuelle ou quotidienne<\/b> \ud83d\uddd3\ufe0f . Chaque animal est unique, et c\u2019est pourquoi je m\u2019adapte enti\u00e8rement \u00e0 ses habitudes et \u00e0 son temp\u00e9rament. Au programme : des <b>jeux<\/b> \ud83c\udfbe , des <b>c\u00e2lins<\/b> \ud83e\udd17 , et surtout, la <b>tranquillit\u00e9 et le calme<\/b> \ud83e\uddd8 \u2640\ufe0f ne leur ont pas besoin dans leur environnement familier.<\/p>\n<p>Avec d\u00e9j\u00e0 <b>1 an d\u2019exp\u00e9rience<\/b> dans le <b>petsitting<\/b>, je sais cr\u00e9er un lien de confiance et assurer la s\u00e9curit\u00e9 et le confort de vos animaux. Confiez-les-moi les yeux ferm\u00e9s, ils seront entre de bonnes mains ! \ud83e\udd1d<\/p>\n<p>N\u2019h\u00e9sitez pas \u00e0 me contacter pour discuter des besoins sp\u00e9cifiques de votre animal. Ensemble, nous trouverons la solution id\u00e9ale pour que vos fid\u00e8les amis vivent des moments heureux et sereins, m\u00eame en votre absence. \ud83d\udc96<\/p>\n<p>&nbsp;<\/p>\n<p>Contactez-moi d\u00e8s aujourd\u2019hui pour un premier \u00e9change \ud83d\udc36\ud83d\udc31<\/p>\n<p>&nbsp;<\/p>\n","protected":false},"excerpt":{"rendered":"<p>Bienvenue sur Les P\u2019tites Pattes NantaisesPassionn\u00e9e d\u2019animaux et bas\u00e9e \u00e0 Nantes, je propose des services de garde et de promenade pour vos chiens et chats. Bienveillance, respect du rythme de chaque animal et communication sont au c\u0153ur de mon approche. \ud83d\udc3e Garde \u00e0 domicile\ud83d\udc3e Visites \u00e0 domicile\ud83d\udc3e Promenades sur-mesure Je suis votre petsitter passionn\u00e9e \u00e0 [&hellip;]<\/p>\n","protected":false},"author":1,"featured_media":0,"parent":0,"menu_order":0,"comment_status":"closed","ping_status":"closed","template":"","meta":{"footnotes":""},"class_list":["post-1138","page","type-page","status-publish","hentry"],"_links":{"self":[{"href":"https:\/\/lesptitespattesnantaises.fr\/index.php?rest_route=\/wp\/v2\/pages\/1138","targetHints":{"allow":["GET"]}}],"collection":[{"href":"https:\/\/lesptitespattesnantaises.fr\/index.php?rest_route=\/wp\/v2\/pages"}],"about":[{"href":"https:\/\/lesptitespattesnantaises.fr\/index.php?rest_route=\/wp\/v2\/types\/page"}],"author":[{"embeddable":true,"href":"https:\/\/lesptitespattesnantaises.fr\/index.php?rest_route=\/wp\/v2\/users\/1"}],"replies":[{"embeddable":true,"href":"https:\/\/lesptitespattesnantaises.fr\/index.php?rest_route=%2Fwp%2Fv2%2Fcomments&post=1138"}],"version-history":[{"count":9,"href":"https:\/\/lesptitespattesnantaises.fr\/index.php?rest_route=\/wp\/v2\/pages\/1138\/revisions"}],"predecessor-version":[{"id":1501,"href":"https:\/\/lesptitespattesnantaises.fr\/index.php?rest_route=\/wp\/v2\/pages\/1138\/revisions\/1501"}],"wp:attachment":[{"href":"https:\/\/lesptitespattesnantaises.fr\/index.php?rest_route=%2Fwp%2Fv2%2Fmedia&parent=1138"}],"curies":[{"name":"wp","href":"https:\/\/api.w.org\/{rel}","templated":true}]}}